{"id":7816,"date":"2018-08-02T15:01:01","date_gmt":"2018-08-02T13:01:01","guid":{"rendered":"https:\/\/www.superfaktura.cz\/ochrana-soukromi\/"},"modified":"2023-09-07T10:10:08","modified_gmt":"2023-09-07T08:10:08","slug":"privacy-policy","status":"publish","type":"page","link":"https:\/\/www.superfaktura.cz\/en\/privacy-policy\/","title":{"rendered":"Privacy Policy"},"content":{"rendered":"","protected":false},"excerpt":{"rendered":"","protected":false},"author":1,"featured_media":0,"parent":0,"menu_order":0,"comment_status":"closed","ping_status":"closed","template":"","meta":{"_acf_changed":false,"inline_featured_image":false,"footnotes":""},"class_list":["post-7816","page","type-page","status-publish","hentry"],"acf":[],"yoast_head":"<!-- This site is optimized with the Yoast SEO plugin v27.3 - https:\/\/yoast.com\/product\/yoast-seo-wordpress\/ -->\n<title>Privacy Policy - SuperFaktura.cz<\/title>\n<meta name=\"description\" content=\"Na\u0161e spole\u010dnost Superfaktura.cz, s.r.o. je provozovatelem internetov\u00e9 str\u00e1nky www.superfaktura.cz a poskytovatelem slu\u017eby SuperFaktura.cz.\" \/>\n<meta name=\"robots\" content=\"index, follow, max-snippet:-1, max-image-preview:large, max-video-preview:-1\" \/>\n<link rel=\"canonical\" href=\"https:\/\/www.superfaktura.cz\/en\/privacy-policy\/\" \/>\n<meta property=\"og:locale\" content=\"en_US\" \/>\n<meta property=\"og:type\" content=\"article\" \/>\n<meta property=\"og:title\" content=\"Privacy Policy - SuperFaktura.cz\" \/>\n<meta property=\"og:description\" content=\"Na\u0161e spole\u010dnost Superfaktura.cz, s.r.o. je provozovatelem internetov\u00e9 str\u00e1nky www.superfaktura.cz a poskytovatelem slu\u017eby SuperFaktura.cz.\" \/>\n<meta property=\"og:url\" content=\"https:\/\/www.superfaktura.cz\/en\/privacy-policy\/\" \/>\n<meta property=\"og:site_name\" content=\"SuperFaktura.cz\" \/>\n<meta property=\"article:publisher\" content=\"https:\/\/www.facebook.com\/Superfakturacz\" \/>\n<meta property=\"article:modified_time\" content=\"2023-09-07T08:10:08+00:00\" \/>\n<meta property=\"og:image\" content=\"https:\/\/www.superfaktura.cz\/wp-content\/uploads\/2025\/05\/Superfaktura-og-cz.jpg\" \/>\n\t<meta property=\"og:image:width\" content=\"1200\" \/>\n\t<meta property=\"og:image:height\" content=\"628\" \/>\n\t<meta property=\"og:image:type\" content=\"image\/jpeg\" \/>\n<meta name=\"twitter:card\" content=\"summary_large_image\" \/>\n<meta name=\"twitter:site\" content=\"@superfakturacz\" \/>\n<script type=\"application\/ld+json\" class=\"yoast-schema-graph\">{\n\t    \"@context\": \"https:\\\/\\\/schema.org\",\n\t    \"@graph\": [\n\t        {\n\t            \"@type\": \"WebPage\",\n\t            \"@id\": \"https:\\\/\\\/www.superfaktura.cz\\\/en\\\/privacy-policy\\\/\",\n\t            \"url\": \"https:\\\/\\\/www.superfaktura.cz\\\/en\\\/privacy-policy\\\/\",\n\t            \"name\": \"Privacy Policy - SuperFaktura.cz\",\n\t            \"isPartOf\": {\n\t                \"@id\": \"https:\\\/\\\/www.superfaktura.cz\\\/en\\\/#website\"\n\t            },\n\t            \"datePublished\": \"2018-08-02T13:01:01+00:00\",\n\t            \"dateModified\": \"2023-09-07T08:10:08+00:00\",\n\t            \"description\": \"Na\u0161e spole\u010dnost Superfaktura.cz, s.r.o. je provozovatelem internetov\u00e9 str\u00e1nky www.superfaktura.cz a poskytovatelem slu\u017eby SuperFaktura.cz.\",\n\t            \"breadcrumb\": {\n\t                \"@id\": \"https:\\\/\\\/www.superfaktura.cz\\\/en\\\/privacy-policy\\\/#breadcrumb\"\n\t            },\n\t            \"inLanguage\": \"en-US\",\n\t            \"potentialAction\": [\n\t                {\n\t                    \"@type\": \"ReadAction\",\n\t                    \"target\": [\n\t                        \"https:\\\/\\\/www.superfaktura.cz\\\/en\\\/privacy-policy\\\/\"\n\t                    ]\n\t                }\n\t            ],\n\t            \"image\": \"https:\\\/\\\/pomoc.superfaktura.sk\\\/wp-content\\\/uploads\\\/2014\\\/04\\\/superfaktura.png\"\n\t        },\n\t        {\n\t            \"@type\": \"BreadcrumbList\",\n\t            \"@id\": \"https:\\\/\\\/www.superfaktura.cz\\\/en\\\/privacy-policy\\\/#breadcrumb\",\n\t            \"itemListElement\": [\n\t                {\n\t                    \"@type\": \"ListItem\",\n\t                    \"position\": 1,\n\t                    \"name\": \"Home\",\n\t                    \"item\": \"https:\\\/\\\/www.superfaktura.cz\\\/en\\\/\"\n\t                },\n\t                {\n\t                    \"@type\": \"ListItem\",\n\t                    \"position\": 2,\n\t                    \"name\": \"Privacy Policy\"\n\t                }\n\t            ]\n\t        },\n\t        {\n\t            \"@type\": \"WebSite\",\n\t            \"@id\": \"https:\\\/\\\/www.superfaktura.cz\\\/en\\\/#website\",\n\t            \"url\": \"https:\\\/\\\/www.superfaktura.cz\\\/en\\\/\",\n\t            \"name\": \"SuperFaktura.cz\",\n\t            \"description\": \"Online faktury pro \u017eivnostn\u00edky i firmy\",\n\t            \"potentialAction\": [\n\t                {\n\t                    \"@type\": \"SearchAction\",\n\t                    \"target\": {\n\t                        \"@type\": \"EntryPoint\",\n\t                        \"urlTemplate\": \"https:\\\/\\\/www.superfaktura.cz\\\/en\\\/?s={search_term_string}\"\n\t                    },\n\t                    \"query-input\": {\n\t                        \"@type\": \"PropertyValueSpecification\",\n\t                        \"valueRequired\": true,\n\t                        \"valueName\": \"search_term_string\"\n\t                    }\n\t                }\n\t            ],\n\t            \"inLanguage\": \"en-US\"\n\t        }\n\t    ]\n\t}<\/script>\n<!-- \/ Yoast SEO plugin. -->","yoast_head_json":{"title":"Privacy Policy - SuperFaktura.cz","description":"Na\u0161e spole\u010dnost Superfaktura.cz, s.r.o. je provozovatelem internetov\u00e9 str\u00e1nky www.superfaktura.cz a poskytovatelem slu\u017eby SuperFaktura.cz.","robots":{"index":"index","follow":"follow","max-snippet":"max-snippet:-1","max-image-preview":"max-image-preview:large","max-video-preview":"max-video-preview:-1"},"canonical":"https:\/\/www.superfaktura.cz\/en\/privacy-policy\/","og_locale":"en_US","og_type":"article","og_title":"Privacy Policy - SuperFaktura.cz","og_description":"Na\u0161e spole\u010dnost Superfaktura.cz, s.r.o. je provozovatelem internetov\u00e9 str\u00e1nky www.superfaktura.cz a poskytovatelem slu\u017eby SuperFaktura.cz.","og_url":"https:\/\/www.superfaktura.cz\/en\/privacy-policy\/","og_site_name":"SuperFaktura.cz","article_publisher":"https:\/\/www.facebook.com\/Superfakturacz","article_modified_time":"2023-09-07T08:10:08+00:00","og_image":[{"width":1200,"height":628,"url":"https:\/\/www.superfaktura.cz\/wp-content\/uploads\/2025\/05\/Superfaktura-og-cz.jpg","type":"image\/jpeg"}],"twitter_card":"summary_large_image","twitter_site":"@superfakturacz","schema":{"@context":"https:\/\/schema.org","@graph":[{"@type":"WebPage","@id":"https:\/\/www.superfaktura.cz\/en\/privacy-policy\/","url":"https:\/\/www.superfaktura.cz\/en\/privacy-policy\/","name":"Privacy Policy - SuperFaktura.cz","isPartOf":{"@id":"https:\/\/www.superfaktura.cz\/en\/#website"},"datePublished":"2018-08-02T13:01:01+00:00","dateModified":"2023-09-07T08:10:08+00:00","description":"Na\u0161e spole\u010dnost Superfaktura.cz, s.r.o. je provozovatelem internetov\u00e9 str\u00e1nky www.superfaktura.cz a poskytovatelem slu\u017eby SuperFaktura.cz.","breadcrumb":{"@id":"https:\/\/www.superfaktura.cz\/en\/privacy-policy\/#breadcrumb"},"inLanguage":"en-US","potentialAction":[{"@type":"ReadAction","target":["https:\/\/www.superfaktura.cz\/en\/privacy-policy\/"]}],"image":"https:\/\/pomoc.superfaktura.sk\/wp-content\/uploads\/2014\/04\/superfaktura.png"},{"@type":"BreadcrumbList","@id":"https:\/\/www.superfaktura.cz\/en\/privacy-policy\/#breadcrumb","itemListElement":[{"@type":"ListItem","position":1,"name":"Home","item":"https:\/\/www.superfaktura.cz\/en\/"},{"@type":"ListItem","position":2,"name":"Privacy Policy"}]},{"@type":"WebSite","@id":"https:\/\/www.superfaktura.cz\/en\/#website","url":"https:\/\/www.superfaktura.cz\/en\/","name":"SuperFaktura.cz","description":"Online faktury pro \u017eivnostn\u00edky i firmy","potentialAction":[{"@type":"SearchAction","target":{"@type":"EntryPoint","urlTemplate":"https:\/\/www.superfaktura.cz\/en\/?s={search_term_string}"},"query-input":{"@type":"PropertyValueSpecification","valueRequired":true,"valueName":"search_term_string"}}],"inLanguage":"en-US"}]}},"_links":{"self":[{"href":"https:\/\/www.superfaktura.cz\/en\/wp-json\/wp\/v2\/pages\/7816","targetHints":{"allow":["GET"]}}],"collection":[{"href":"https:\/\/www.superfaktura.cz\/en\/wp-json\/wp\/v2\/pages"}],"about":[{"href":"https:\/\/www.superfaktura.cz\/en\/wp-json\/wp\/v2\/types\/page"}],"author":[{"embeddable":true,"href":"https:\/\/www.superfaktura.cz\/en\/wp-json\/wp\/v2\/users\/1"}],"replies":[{"embeddable":true,"href":"https:\/\/www.superfaktura.cz\/en\/wp-json\/wp\/v2\/comments?post=7816"}],"version-history":[{"count":5,"href":"https:\/\/www.superfaktura.cz\/en\/wp-json\/wp\/v2\/pages\/7816\/revisions"}],"predecessor-version":[{"id":9855,"href":"https:\/\/www.superfaktura.cz\/en\/wp-json\/wp\/v2\/pages\/7816\/revisions\/9855"}],"wp:attachment":[{"href":"https:\/\/www.superfaktura.cz\/en\/wp-json\/wp\/v2\/media?parent=7816"}],"curies":[{"name":"wp","href":"https:\/\/api.w.org\/{rel}","templated":true}]}}